{"id":21363,"date":"2025-12-22T15:29:30","date_gmt":"2025-12-22T15:29:30","guid":{"rendered":"https:\/\/capston.ai\/contact\/"},"modified":"2025-12-28T00:04:38","modified_gmt":"2025-12-28T00:04:38","slug":"contact","status":"publish","type":"page","link":"https:\/\/capston.ai\/fr\/contact\/","title":{"rendered":"Contact"},"content":{"rendered":"\t\t<div data-elementor-type=\"wp-page\" data-elementor-id=\"21363\" class=\"elementor elementor-21363 elementor-20540\" data-elementor-post-type=\"page\">\n\t\t\t\t<div class=\"has_eae_slider elementor-element elementor-element-a9edb88 e-flex e-con-boxed e-con e-parent\" data-eae-slider=\"8200\" data-id=\"a9edb88\" data-element_type=\"container\" data-e-type=\"container\">\n\t\t\t\t\t<div class=\"e-con-inner\">\n\t\t<div class=\"has_eae_slider elementor-element elementor-element-2fe0f5c e-con-full e-flex e-con e-child\" data-eae-slider=\"57180\" data-id=\"2fe0f5c\" data-element_type=\"container\" data-e-type=\"container\" data-settings=\"{&quot;background_background&quot;:&quot;classic&quot;}\">\n\t\t\t\t<div class=\"elementor-element elementor-element-c5c715d elementor-widget__width-initial elementor-widget elementor-widget-heading\" data-id=\"c5c715d\" data-element_type=\"widget\" data-e-type=\"widget\" data-widget_type=\"heading.default\">\n\t\t\t\t\t<h1 class=\"elementor-heading-title elementor-size-default\">Contact<\/h1>\t\t\t\t<\/div>\n\t\t<div class=\"has_eae_slider elementor-element elementor-element-f286e82 e-con-full e-flex e-con e-child\" data-eae-slider=\"13232\" data-id=\"f286e82\" data-element_type=\"container\" data-e-type=\"container\" data-settings=\"{&quot;background_background&quot;:&quot;classic&quot;}\">\n\t\t\t\t<div class=\"elementor-element elementor-element-58ff8ba elementor-widget elementor-widget-shortcode\" data-id=\"58ff8ba\" data-element_type=\"widget\" data-e-type=\"widget\" data-widget_type=\"shortcode.default\">\n\t\t\t\t\t\t\t<div class=\"elementor-shortcode\">\n\t\t\t<form id=\"sib_signup_form_10\" method=\"post\" class=\"sib_signup_form\">\n\t\t\t\t<div class=\"sib_loader\" style=\"display:none;\"><img\n\t\t\t\t\t\t\tsrc=\"https:\/\/capston.ai\/wp-includes\/images\/spinner.gif\" alt=\"loader\"><\/div>\n\t\t\t\t<input type=\"hidden\" name=\"sib_form_action\" value=\"subscribe_form_submit\">\n\t\t\t\t<input type=\"hidden\" name=\"sib_form_id\" value=\"10\">\n                <input type=\"hidden\" name=\"sib_form_alert_notice\" value=\"Please fill out this field\">\n                <input type=\"hidden\" name=\"sib_form_invalid_email_notice\" value=\"Your email address is invalid\">\n                <input type=\"hidden\" name=\"sib_security\" value=\"4d88181c35\">\n\t\t\t\t<div class=\"sib_signup_box_inside_10\">\n\t\t\t\t\t<div style=\"\/*display:none*\/\" class=\"sib_msg_disp\">\n\t\t\t\t\t<\/div>\n                    \t\t\t\t\t<p class=\"sib-FULLNAME-area\"> \r\n    <label class=\"sib-FULLNAME-area\">Full Name*<\/label> \r\n    <input type=\"text\" class=\"sib-FULLNAME-area\" name=\"FULLNAME\"> \r\n<\/p>\r\n<p class=\"sib-email-area\"> \r\n    <label class=\"sib-email-area\">Business Email*<\/label> \r\n    <input type=\"email\" class=\"sib-email-area\" name=\"email\" placeholder=\"\" value=\"\" required=\"required\"> \r\n<\/p>\r\n<p class=\"sib-COMPANY-area\"> \r\n    <label class=\"sib-COMPANY-area\">Company*<\/label> \r\n    <input type=\"text\" class=\"sib-COMPANY-area\" name=\"COMPANY\" required=\"required\"> \r\n<\/p>\r\n<p class=\"sib-COMPSIZE-area\"> \r\n    <label class=\"sib-COMPSIZE-area\">Company Size<\/label> \r\n    <select class=\"sib-COMPSIZE-area\" name=\"COMPSIZE\"> \r\n      <option value=\"1\"><\/option>\r\n      <option value=\"2\">&lt;50<\/option> \r\n      <option value=\"3\">50-200<\/option> \r\n      <option value=\"4\">200-1000<\/option> \r\n      <option value=\"5\">1000+<\/option> \r\n    <\/select> \r\n<\/p>\r\n<p class=\"sib-WEBSITE-area\"> \r\n    <label class=\"sib-WEBSITE-area\">Website*<\/label> \r\n    <input type=\"text\" class=\"sib-WEBSITE-area\" name=\"WEBSITE\" required=\"required\"> \r\n<\/p>\r\n<p class=\"sib-ROLE-area\"> \r\n    <label class=\"sib-ROLE-area\">Role<\/label> \r\n    <select class=\"sib-ROLE-area\" name=\"ROLE\"> \r\n      <option value=\"1\"><\/option> \r\n      <option value=\"2\">Digital \/ Ecommerce<\/option> \r\n      <option value=\"3\">Founder \/ Leadership<\/option> \r\n      <option value=\"4\">Marketing<\/option> \r\n      <option value=\"5\">Operations<\/option> \r\n      <option value=\"6\">Product<\/option> \r\n      <option value=\"7\"><a href=\"https:\/\/capston.ai\/fr\/analyses\/\">SEO<\/a> \/ Content<\/option> \r\n      <option value=\"8\">Tech \/ IT<\/option> \r\n      <option value=\"8\">Other<\/option> \r\n    <\/select> \r\n<\/p>\r\n<p class=\"sib-REASON-area\"> \r\n    <label class=\"sib-REASON-area\">Reason for contacting*<\/label> \r\n    <select class=\"sib-REASON-area\" name=\"REASON\"> \r\n      <option value=\"1\"><\/option> \r\n      <option value=\"2\">AI visibility audit<\/option> \r\n      <option value=\"3\">Other<\/option> \r\n      <option value=\"4\">Partnership or agency use<\/option> \r\n      <option value=\"5\">Pricing question<\/option> \r\n      <option value=\"6\">Request a demo<\/option> \r\n      <option value=\"7\">Technical support<\/option> \r\n    <\/select> \r\n<\/p>\r\n<p class=\"sib-MESSAGE-area\">\r\n  <label class=\"sib-message-area\">Short message<\/label>\r\n  <textarea name=\"MESSAGE\" class=\"sib-MESSAGE-area\" rows=\"6\" style=\"width:100%;padding:10px;border-radius:8px;border:none\"><\/textarea>\r\n<\/p>\r\n<input type=\"hidden\" name=\"CONTACT_CONSENT\" value=\"false\">\r\n<p class=\"text-check\">\r\n  <label>\r\n    <input type=\"checkbox\" name=\"CONTACT_CONSENT\" value=\"true\" required>\r\n    I agree to the <a href=\"https:\/\/docs.google.com\/document\/d\/1yVVVa9uwIM5UdaBHd3b0SjENHshFQAhZWuflfWzze9o\/edit?usp=drive_link\" target=\"_blank\" rel=\"noopener\">Terms and Conditions<\/a> and the \r\n    <a href=\"https:\/\/docs.google.com\/document\/d\/1j-JoHTeCWw_IbQW-oPOhUV5PBHT8Gm9H7Oh6SM2oO1k\/edit?usp=drive_link\" target=\"_blank\" rel=\"noopener\">Privacy Policy<\/a>. We collect your personal data solely to respond to your request, in accordance with GDPR. \r\n    You can withdraw your consent at any time as explained in our Privacy Policy.*\r\n  <\/label>\r\n<\/p>\r\n\r\n<p class=\"submit-btn-form\"> \r\n    <input type=\"submit\" class=\"sib-default-btn\" name=\"submit\" value=\"Submit\"> \r\n<\/p>\t\t\t\t<\/div>\n\t\t\t<\/form>\n\t\t\t<style>\n\t\t\t\tform#sib_signup_form_10 p.sib-alert-message {\n    padding: 6px 12px;\n    margin-bottom: 20px;\n    border: 1px solid transparent;\n    border-radius: 4px;\n    -webkit-box-sizing: border-box;\n    -moz-box-sizing: border-box;\n    box-sizing: border-box;\n}\nform#sib_signup_form_10 p.sib-alert-message-error {\n    background-color: #f2dede;\n    border-color: #ebccd1;\n    color: #a94442;\n}\nform#sib_signup_form_10 p.sib-alert-message-success {\n    background-color: #dff0d8;\n    border-color: #d6e9c6;\n    color: #3c763d;\n}\nform#sib_signup_form_10 p.sib-alert-message-warning {\n    background-color: #fcf8e3;\n    border-color: #faebcc;\n    color: #8a6d3b;\n}\n\t\t\t<\/style>\n\t\t\t<\/div>\n\t\t\t\t\t\t<\/div>\n\t\t\t\t<\/div>\n\t\t\t\t<\/div>\n\t\t\t\t\t<\/div>\n\t\t\t\t<\/div>\n\t\t\t\t<\/div>\n\t\t","protected":false},"excerpt":{"rendered":"<p>Contact<\/p>\n","protected":false},"author":30,"featured_media":0,"parent":0,"menu_order":0,"comment_status":"closed","ping_status":"closed","template":"elementor_header_footer","meta":{"_acf_changed":false,"footnotes":"","rank_math_title":"Contacter CapstonAI | D\u00e9mo, audit, support ","rank_math_description":"Contactez CapstonAI pour un audit de visibilit\u00e9 IA, un partenariat, les tarifs, une d\u00e9mo ou du support. Partagez votre site et vos objectifs, r\u00e9ponse rapide","rank_math_focus_keyword":"Contact"},"class_list":["post-21363","page","type-page","status-publish","hentry"],"acf":[],"_links":{"self":[{"href":"https:\/\/capston.ai\/fr\/wp-json\/wp\/v2\/pages\/21363","targetHints":{"allow":["GET"]}}],"collection":[{"href":"https:\/\/capston.ai\/fr\/wp-json\/wp\/v2\/pages"}],"about":[{"href":"https:\/\/capston.ai\/fr\/wp-json\/wp\/v2\/types\/page"}],"author":[{"embeddable":true,"href":"https:\/\/capston.ai\/fr\/wp-json\/wp\/v2\/users\/30"}],"replies":[{"embeddable":true,"href":"https:\/\/capston.ai\/fr\/wp-json\/wp\/v2\/comments?post=21363"}],"version-history":[{"count":0,"href":"https:\/\/capston.ai\/fr\/wp-json\/wp\/v2\/pages\/21363\/revisions"}],"wp:attachment":[{"href":"https:\/\/capston.ai\/fr\/wp-json\/wp\/v2\/media?parent=21363"}],"curies":[{"name":"wp","href":"https:\/\/api.w.org\/{rel}","templated":true}]}}