{"id":22449,"date":"2026-01-30T17:06:48","date_gmt":"2026-01-30T17:06:48","guid":{"rendered":"https:\/\/capston.ai\/mise-a-niveau-de-la-plateforme-capstonai-en-cours\/"},"modified":"2026-01-30T17:51:06","modified_gmt":"2026-01-30T17:51:06","slug":"mise-a-niveau-de-la-plateforme-capstonai-en-cours","status":"publish","type":"page","link":"https:\/\/capston.ai\/fr\/mise-a-niveau-de-la-plateforme-capstonai-en-cours\/","title":{"rendered":"Nous d\u00e9ployons la prochaine version de CapstonAI"},"content":{"rendered":"\t\t<div data-elementor-type=\"wp-page\" data-elementor-id=\"22449\" class=\"elementor elementor-22449 elementor-22407\" data-elementor-post-type=\"page\">\n\t\t\t\t<div class=\"has_eae_slider elementor-element elementor-element-67859ce e-con-full e-flex e-con e-parent\" data-eae-slider=\"31972\" data-id=\"67859ce\" data-element_type=\"container\" data-e-type=\"container\">\n\t\t\t\t<div class=\"elementor-element elementor-element-5d8f1ce elementor-widget elementor-widget-template\" data-id=\"5d8f1ce\" data-element_type=\"widget\" data-e-type=\"widget\" data-widget_type=\"template.default\">\n\t\t\t\t<div class=\"elementor-widget-container\">\n\t\t\t\t\t\t\t<div class=\"elementor-template\">\n\t\t\t\t\t<div data-elementor-type=\"single-page\" data-elementor-id=\"22451\" class=\"elementor elementor-22451 elementor-22400 elementor-22400\" data-elementor-post-type=\"elementor_library\">\n\t\t\t<div class=\"has_eae_slider elementor-element elementor-element-5fbc0e94 e-flex e-con-boxed e-con e-parent\" data-eae-slider=\"65897\" data-id=\"5fbc0e94\" data-element_type=\"container\" data-e-type=\"container\" data-settings=\"{&quot;background_background&quot;:&quot;classic&quot;}\">\n\t\t\t\t\t<div class=\"e-con-inner\">\n\t\t<div class=\"has_eae_slider elementor-element elementor-element-5bf16945 e-con-full e-flex e-con e-child\" data-eae-slider=\"78917\" data-id=\"5bf16945\" data-element_type=\"container\" data-e-type=\"container\">\n\t\t\t\t<div class=\"elementor-element elementor-element-47d0a22e elementor-widget__width-initial elementor-widget elementor-widget-heading\" data-id=\"47d0a22e\" data-element_type=\"widget\" data-e-type=\"widget\" data-widget_type=\"heading.default\">\n\t\t\t\t\t<h1 class=\"elementor-heading-title elementor-size-default\">Nous exp\u00e9dions le prochain CapstonAI<\/h1>\t\t\t\t<\/div>\n\t\t\t\t<div class=\"elementor-element elementor-element-66467c29 elementor-widget__width-initial elementor-widget elementor-widget-text-editor\" data-id=\"66467c29\" data-element_type=\"widget\" data-e-type=\"widget\" data-widget_type=\"text-editor.default\">\n\t\t\t\t\t\t\t\t\t<p>Nous d\u00e9ployons une nouvelle g\u00e9n\u00e9ration de fonctionnalit\u00e9s d\u2019optimisation d\u2019AI Search, des am\u00e9liorations de performance et des mises \u00e0 niveau de la fiabilit\u00e9.<br>Relancement pr\u00e9vu&nbsp;: 12&nbsp;f\u00e9vrier&nbsp;2026<\/p>\t\t\t\t\t\t\t\t<\/div>\n\t\t\t\t<div class=\"elementor-element elementor-element-58ead780 animated-slow elementor-invisible elementor-widget elementor-widget-button\" data-id=\"58ead780\" data-element_type=\"widget\" data-e-type=\"widget\" data-settings=\"{&quot;_animation&quot;:&quot;fadeInUp&quot;}\" data-widget_type=\"button.default\">\n\t\t\t\t\t\t\t\t\t\t<a class=\"elementor-button elementor-button-link elementor-size-sm\" href=\"\/\">\n\t\t\t\t\t\t<span class=\"elementor-button-content-wrapper\">\n\t\t\t\t\t\t\t\t\t<span class=\"elementor-button-text\">Retour \u00e0 l\u2019accueil<\/span>\n\t\t\t\t\t<\/span>\n\t\t\t\t\t<\/a>\n\t\t\t\t\t\t\t\t<\/div>\n\t\t\t\t<\/div>\n\t\t\t\t\t<\/div>\n\t\t\t\t<\/div>\n\t\t\t\t<\/div>\n\t\t\t\t<\/div>\n\t\t\t\t\t\t<\/div>\n\t\t\t\t<\/div>\n\t\t\t\t<\/div>\n\t\t\t\t<\/div>\n\t\t","protected":false},"excerpt":{"rendered":"","protected":false},"author":2,"featured_media":0,"parent":0,"menu_order":0,"comment_status":"closed","ping_status":"closed","template":"elementor_header_footer","meta":{"_acf_changed":false,"footnotes":"","rank_math_title":"Nous d\u00e9ployons la prochaine version de CapstonAI","rank_math_description":"Nous lan\u00e7ons une nouvelle g\u00e9n\u00e9ration de fonctionnalit\u00e9s d\u2019AI Search Optimization, avec des am\u00e9liorations de performance et de fiabilit\u00e9.<br>Lancement pour: 12 f\u00e9vrier 2026 ","rank_math_focus_keyword":"mise \u00e0 niveau"},"class_list":["post-22449","page","type-page","status-publish","hentry"],"acf":[],"_links":{"self":[{"href":"https:\/\/capston.ai\/fr\/wp-json\/wp\/v2\/pages\/22449","targetHints":{"allow":["GET"]}}],"collection":[{"href":"https:\/\/capston.ai\/fr\/wp-json\/wp\/v2\/pages"}],"about":[{"href":"https:\/\/capston.ai\/fr\/wp-json\/wp\/v2\/types\/page"}],"author":[{"embeddable":true,"href":"https:\/\/capston.ai\/fr\/wp-json\/wp\/v2\/users\/2"}],"replies":[{"embeddable":true,"href":"https:\/\/capston.ai\/fr\/wp-json\/wp\/v2\/comments?post=22449"}],"version-history":[{"count":0,"href":"https:\/\/capston.ai\/fr\/wp-json\/wp\/v2\/pages\/22449\/revisions"}],"wp:attachment":[{"href":"https:\/\/capston.ai\/fr\/wp-json\/wp\/v2\/media?parent=22449"}],"curies":[{"name":"wp","href":"https:\/\/api.w.org\/{rel}","templated":true}]}}